{"id":17260,"date":"2023-03-14T12:18:57","date_gmt":"2023-03-14T11:18:57","guid":{"rendered":"https:\/\/www.crue.org\/?page_id=17260"},"modified":"2023-12-19T13:02:26","modified_gmt":"2023-12-19T12:02:26","slug":"crue-representatives-in-international-forums","status":"publish","type":"page","link":"https:\/\/pre-crue.esferize.com\/en\/crue-representatives-in-international-forums\/","title":{"rendered":"Crue representatives in international forums"},"content":{"rendered":"\n<p>The actions aimed at implementing Crue&#8217;s International Strategy have allowed international actions to improve the participation of Crue representatives in international forums and promote dissemination and information activities on international issues among Spanish universities.&nbsp;<\/p>\n\n\n\n<p>On the one hand, Crue has established a network of representatives in international expert working groups that give Spanish universities a voice in decision-making bodies, articulating Crue&#8217;s interests in international forums and supporting the Secretariat in monitoring the lines of work that are active at an international level.&nbsp;<\/p>\n\n\n\n<p>On the other hand, based on a cross-cutting approach to the internationalisation of higher education, Crue has set up a transversal advisory body, in which the different areas and missions of Crue&#8217;s sectorial commissions come together. This consultative body is constituted by representatives of the nine sectorial commissions for international issues, and is key to coordinate communication on international topics with the member universities.&nbsp;<\/p>\n\n\n\n<p class=\"has-vivid-red-color has-text-color\"><strong>Representatives in EUA Expert Groups&nbsp;<\/strong><\/p>\n\n\n\n<figure class=\"wp-block-table is-style-stripes\"><table><tbody><tr><td><strong>EUA Group on Innovation (EGInno)&nbsp;<\/strong><\/td><td>Jos\u00e9 Miguel Garc\u00eda&nbsp;<\/td><td>Universidad de Burgos&nbsp;<\/td><\/tr><tr><td><strong>EUA Expert Group on Open Science (EGOS)&nbsp;<\/strong><\/td><td>Pastora Mart\u00ednez Samper&nbsp;<\/td><td>Universitat Oberta de Catalunya&nbsp;<\/td><\/tr><tr><td><strong>EUA Research and Innovation Strategy Group (RISG)&nbsp;<\/strong><\/td><td>Senena Corbal\u00e1n Garc\u00eda&nbsp;<\/td><td>Universidad de Murcia&nbsp;<\/td><\/tr><tr><td><strong>EUA Council for Doctoral Education&nbsp;<\/strong><\/td><td>Jaume Puy Llorens&nbsp;<\/td><td>Universitat de Lleida&nbsp;<\/td><\/tr><tr><td><strong>EUA Group of Negotiators&nbsp;<\/strong><\/td><td>Ignasi Labastida I Juan&nbsp;<\/td><td>Universitat de Barcelona&nbsp;<\/td><\/tr><tr><td><strong>EUA Advisory Board on Digital Transformation&nbsp;<\/strong><\/td><td>Pedro Miguel Ruiz Mart\u00ednez&nbsp;<\/td><td>Universidad de Murcia&nbsp;<\/td><\/tr><tr><td><strong>EUA Universities for the Future of Europe (UniFE)&nbsp;<\/strong><\/td><td>Amaya Mendikoetxea&nbsp;<\/td><td>Universidad Aut\u00f3noma de Madrid&nbsp;<\/td><\/tr><\/tbody><\/table><\/figure>\n\n\n\n<p class=\"has-vivid-red-color has-text-color\"><strong>Sectorial Commission\u2019s Representatives for International Issues&nbsp;<\/strong><\/p>\n\n\n\n<figure class=\"wp-block-table is-style-stripes\"><table><tbody><tr><td><strong>Student Affairs&nbsp;<\/strong><\/td><td>Fernando Tapia&nbsp;<\/td><td>Euskal Herriko Unibertsitatea \/ Universidad del Pa\u00eds Vasco&nbsp;<\/td><\/tr><tr><td><strong>Learning and Teaching&nbsp;<\/strong><\/td><td>N\u00e9stor Torres Darias&nbsp;<\/td><td>Universidad de La Laguna&nbsp;<\/td><\/tr><tr><td><strong>Management&nbsp;<\/strong><\/td><td>\u202fIsidro Ibarra Berrocal<\/td><td>Universidad Polit\u00e9cnica de Cartagena<\/td><\/tr><tr><td><strong>R&amp;I&nbsp;<\/strong><\/td><td>Mar\u00eda Senena Corbal\u00e1n Garc\u00eda&nbsp;<\/td><td>Universidad de Murcia&nbsp;<\/td><\/tr><tr><td><strong>Internationalisation and Cooperation&nbsp;<\/strong><\/td><td>Carles Padilla&nbsp;<\/td><td>Universidad de Valencia&nbsp;<\/td><\/tr><tr><td><strong>Academic Staff&nbsp;<\/strong><\/td><td>Pastora Revuelta&nbsp;<\/td><td>Universidad de Sevilla&nbsp;<\/td><\/tr><tr><td><strong>Secretaries General&nbsp;<\/strong><\/td><td>Elena de la Fuente&nbsp;<\/td><td>Universidad Europea de Madrid&nbsp;<\/td><\/tr><tr><td><strong>Sustainability&nbsp;<\/strong><\/td><td>Jorge Jes\u00fas G\u00f3mez Sanz<\/td><td>Universidad Complutense de Madrid<\/td><\/tr><tr><td><strong>Digitalisation&nbsp;<\/strong><\/td><td>Llu\u00eds Alfonso Ari\u00f1o&nbsp;<\/td><td>Universitat Rovira I Virgili&nbsp;<\/td><\/tr><\/tbody><\/table><\/figure>\n","protected":false},"excerpt":{"rendered":"<p>The actions aimed at implementing Crue&#8217;s International Strategy have allowed international actions to improve the participation of Crue representatives in international forums and promote dissemination and information activities on international issues among Spanish universities.&nbsp; On the one hand, Crue has established a network of representatives in international expert working groups that give Spanish universities a &hellip; <\/p>\n<p class=\"link-more\"><a href=\"https:\/\/pre-crue.esferize.com\/en\/crue-representatives-in-international-forums\/\" class=\"more-link\">Continue reading<span class=\"screen-reader-text\"> &#8220;Crue representatives in international forums&#8221;<\/span><\/a><\/p>\n","protected":false},"author":2,"featured_media":0,"parent":0,"menu_order":0,"comment_status":"closed","ping_status":"closed","template":"","meta":{"_acf_changed":false,"footnotes":""},"class_list":["post-17260","page","type-page","status-publish","hentry"],"acf":[],"yoast_head":"<!-- This site is optimized with the Yoast SEO plugin v26.4 - https:\/\/yoast.com\/wordpress\/plugins\/seo\/ -->\n<title>Crue representatives in international forums - CRUE<\/title>\n<meta name=\"robots\" content=\"noindex, follow, max-snippet:-1, max-image-preview:large, max-video-preview:-1\" \/>\n<meta property=\"og:locale\" content=\"en_US\" \/>\n<meta property=\"og:type\" content=\"article\" \/>\n<meta property=\"og:title\" content=\"Crue representatives in international forums - CRUE\" \/>\n<meta property=\"og:description\" content=\"The actions aimed at implementing Crue&#8217;s International Strategy have allowed international actions to improve the participation of Crue representatives in international forums and promote dissemination and information activities on international issues among Spanish universities.&nbsp; On the one hand, Crue has established a network of representatives in international expert working groups that give Spanish universities a &hellip; Continue reading &quot;Crue representatives in international forums&quot;\" \/>\n<meta property=\"og:url\" content=\"https:\/\/pre-crue.esferize.com\/en\/crue-representatives-in-international-forums\/\" \/>\n<meta property=\"og:site_name\" content=\"CRUE\" \/>\n<meta property=\"article:modified_time\" content=\"2023-12-19T12:02:26+00:00\" \/>\n<meta name=\"twitter:card\" content=\"summary_large_image\" \/>\n<meta name=\"twitter:site\" content=\"@crueuniversidad\" \/>\n<meta name=\"twitter:label1\" content=\"Est. reading time\" \/>\n\t<meta name=\"twitter:data1\" content=\"2 minutes\" \/>\n<script type=\"application\/ld+json\" class=\"yoast-schema-graph\">{\"@context\":\"https:\/\/schema.org\",\"@graph\":[{\"@type\":\"WebPage\",\"@id\":\"https:\/\/pre-crue.esferize.com\/en\/crue-representatives-in-international-forums\/\",\"url\":\"https:\/\/pre-crue.esferize.com\/en\/crue-representatives-in-international-forums\/\",\"name\":\"Crue representatives in international forums - CRUE\",\"isPartOf\":{\"@id\":\"https:\/\/pre-crue.esferize.com\/#website\"},\"datePublished\":\"2023-03-14T11:18:57+00:00\",\"dateModified\":\"2023-12-19T12:02:26+00:00\",\"breadcrumb\":{\"@id\":\"https:\/\/pre-crue.esferize.com\/en\/crue-representatives-in-international-forums\/#breadcrumb\"},\"inLanguage\":\"en-US\",\"potentialAction\":[{\"@type\":\"ReadAction\",\"target\":[\"https:\/\/pre-crue.esferize.com\/en\/crue-representatives-in-international-forums\/\"]}]},{\"@type\":\"BreadcrumbList\",\"@id\":\"https:\/\/pre-crue.esferize.com\/en\/crue-representatives-in-international-forums\/#breadcrumb\",\"itemListElement\":[{\"@type\":\"ListItem\",\"position\":1,\"name\":\"Home\",\"item\":\"https:\/\/pre-crue.esferize.com\/en\/inicio\/\"},{\"@type\":\"ListItem\",\"position\":2,\"name\":\"Crue representatives in international forums\"}]},{\"@type\":\"WebSite\",\"@id\":\"https:\/\/pre-crue.esferize.com\/#website\",\"url\":\"https:\/\/pre-crue.esferize.com\/\",\"name\":\"CRUE\",\"description\":\"Conferencia de Rectores de las Universidades Espa\u00f1olas\",\"publisher\":{\"@id\":\"https:\/\/pre-crue.esferize.com\/#organization\"},\"potentialAction\":[{\"@type\":\"SearchAction\",\"target\":{\"@type\":\"EntryPoint\",\"urlTemplate\":\"https:\/\/pre-crue.esferize.com\/?s={search_term_string}\"},\"query-input\":{\"@type\":\"PropertyValueSpecification\",\"valueRequired\":true,\"valueName\":\"search_term_string\"}}],\"inLanguage\":\"en-US\"},{\"@type\":\"Organization\",\"@id\":\"https:\/\/pre-crue.esferize.com\/#organization\",\"name\":\"CRUE\",\"url\":\"https:\/\/pre-crue.esferize.com\/\",\"logo\":{\"@type\":\"ImageObject\",\"inLanguage\":\"en-US\",\"@id\":\"https:\/\/pre-crue.esferize.com\/#\/schema\/logo\/image\/\",\"url\":\"https:\/\/pre-crue.esferize.com\/wp-content\/uploads\/2023\/12\/cropped-CRUE-SPANISH-UNIVERSITIES.png\",\"contentUrl\":\"https:\/\/pre-crue.esferize.com\/wp-content\/uploads\/2023\/12\/cropped-CRUE-SPANISH-UNIVERSITIES.png\",\"width\":530,\"height\":100,\"caption\":\"CRUE\"},\"image\":{\"@id\":\"https:\/\/pre-crue.esferize.com\/#\/schema\/logo\/image\/\"},\"sameAs\":[\"https:\/\/x.com\/crueuniversidad\",\"https:\/\/www.linkedin.com\/company\/crue-universidad\/\"]}]}<\/script>\n<!-- \/ Yoast SEO plugin. -->","yoast_head_json":{"title":"Crue representatives in international forums - CRUE","robots":{"index":"noindex","follow":"follow","max-snippet":"max-snippet:-1","max-image-preview":"max-image-preview:large","max-video-preview":"max-video-preview:-1"},"og_locale":"en_US","og_type":"article","og_title":"Crue representatives in international forums - CRUE","og_description":"The actions aimed at implementing Crue&#8217;s International Strategy have allowed international actions to improve the participation of Crue representatives in international forums and promote dissemination and information activities on international issues among Spanish universities.&nbsp; On the one hand, Crue has established a network of representatives in international expert working groups that give Spanish universities a &hellip; Continue reading \"Crue representatives in international forums\"","og_url":"https:\/\/pre-crue.esferize.com\/en\/crue-representatives-in-international-forums\/","og_site_name":"CRUE","article_modified_time":"2023-12-19T12:02:26+00:00","twitter_card":"summary_large_image","twitter_site":"@crueuniversidad","twitter_misc":{"Est. reading time":"2 minutes"},"schema":{"@context":"https:\/\/schema.org","@graph":[{"@type":"WebPage","@id":"https:\/\/pre-crue.esferize.com\/en\/crue-representatives-in-international-forums\/","url":"https:\/\/pre-crue.esferize.com\/en\/crue-representatives-in-international-forums\/","name":"Crue representatives in international forums - CRUE","isPartOf":{"@id":"https:\/\/pre-crue.esferize.com\/#website"},"datePublished":"2023-03-14T11:18:57+00:00","dateModified":"2023-12-19T12:02:26+00:00","breadcrumb":{"@id":"https:\/\/pre-crue.esferize.com\/en\/crue-representatives-in-international-forums\/#breadcrumb"},"inLanguage":"en-US","potentialAction":[{"@type":"ReadAction","target":["https:\/\/pre-crue.esferize.com\/en\/crue-representatives-in-international-forums\/"]}]},{"@type":"BreadcrumbList","@id":"https:\/\/pre-crue.esferize.com\/en\/crue-representatives-in-international-forums\/#breadcrumb","itemListElement":[{"@type":"ListItem","position":1,"name":"Home","item":"https:\/\/pre-crue.esferize.com\/en\/inicio\/"},{"@type":"ListItem","position":2,"name":"Crue representatives in international forums"}]},{"@type":"WebSite","@id":"https:\/\/pre-crue.esferize.com\/#website","url":"https:\/\/pre-crue.esferize.com\/","name":"CRUE","description":"Conferencia de Rectores de las Universidades Espa\u00f1olas","publisher":{"@id":"https:\/\/pre-crue.esferize.com\/#organization"},"potentialAction":[{"@type":"SearchAction","target":{"@type":"EntryPoint","urlTemplate":"https:\/\/pre-crue.esferize.com\/?s={search_term_string}"},"query-input":{"@type":"PropertyValueSpecification","valueRequired":true,"valueName":"search_term_string"}}],"inLanguage":"en-US"},{"@type":"Organization","@id":"https:\/\/pre-crue.esferize.com\/#organization","name":"CRUE","url":"https:\/\/pre-crue.esferize.com\/","logo":{"@type":"ImageObject","inLanguage":"en-US","@id":"https:\/\/pre-crue.esferize.com\/#\/schema\/logo\/image\/","url":"https:\/\/pre-crue.esferize.com\/wp-content\/uploads\/2023\/12\/cropped-CRUE-SPANISH-UNIVERSITIES.png","contentUrl":"https:\/\/pre-crue.esferize.com\/wp-content\/uploads\/2023\/12\/cropped-CRUE-SPANISH-UNIVERSITIES.png","width":530,"height":100,"caption":"CRUE"},"image":{"@id":"https:\/\/pre-crue.esferize.com\/#\/schema\/logo\/image\/"},"sameAs":["https:\/\/x.com\/crueuniversidad","https:\/\/www.linkedin.com\/company\/crue-universidad\/"]}]}},"_links":{"self":[{"href":"https:\/\/pre-crue.esferize.com\/en\/wp-json\/wp\/v2\/pages\/17260","targetHints":{"allow":["GET"]}}],"collection":[{"href":"https:\/\/pre-crue.esferize.com\/en\/wp-json\/wp\/v2\/pages"}],"about":[{"href":"https:\/\/pre-crue.esferize.com\/en\/wp-json\/wp\/v2\/types\/page"}],"author":[{"embeddable":true,"href":"https:\/\/pre-crue.esferize.com\/en\/wp-json\/wp\/v2\/users\/2"}],"replies":[{"embeddable":true,"href":"https:\/\/pre-crue.esferize.com\/en\/wp-json\/wp\/v2\/comments?post=17260"}],"version-history":[{"count":5,"href":"https:\/\/pre-crue.esferize.com\/en\/wp-json\/wp\/v2\/pages\/17260\/revisions"}],"predecessor-version":[{"id":19797,"href":"https:\/\/pre-crue.esferize.com\/en\/wp-json\/wp\/v2\/pages\/17260\/revisions\/19797"}],"wp:attachment":[{"href":"https:\/\/pre-crue.esferize.com\/en\/wp-json\/wp\/v2\/media?parent=17260"}],"curies":[{"name":"wp","href":"https:\/\/api.w.org\/{rel}","templated":true}]}}